{"id":20829,"date":"2023-11-04T07:33:11","date_gmt":"2023-11-04T11:33:11","guid":{"rendered":"https:\/\/lesloges.ca\/merci\/"},"modified":"2023-11-08T10:38:59","modified_gmt":"2023-11-08T10:38:59","slug":"merci","status":"publish","type":"page","link":"https:\/\/lesloges.ca\/en\/merci\/","title":{"rendered":"Merci"},"content":{"rendered":"\t\t<div data-elementor-type=\"wp-page\" data-elementor-id=\"20829\" class=\"elementor elementor-20829 elementor-19827\" data-elementor-post-type=\"page\">\n\t\t\t\t<div class=\"elementor-element elementor-element-a24f860 e-flex e-con-boxed e-con e-parent\" data-id=\"a24f860\" data-element_type=\"container\" data-e-type=\"container\" data-settings=\"{&quot;background_background&quot;:&quot;classic&quot;}\">\n\t\t\t\t\t<div class=\"e-con-inner\">\n\t\t\t\t<div class=\"elementor-element elementor-element-460cfdd elementor-invisible elementor-widget elementor-widget-image\" data-id=\"460cfdd\" data-element_type=\"widget\" data-e-type=\"widget\" data-settings=\"{&quot;_animation&quot;:&quot;fadeInUp&quot;}\" data-widget_type=\"image.default\">\n\t\t\t\t<div class=\"elementor-widget-container\">\n\t\t\t\t\t\t\t\t\t\t\t\t\t\t\t<img decoding=\"async\" width=\"100\" height=\"102\" src=\"https:\/\/lesloges.ca\/wp-content\/uploads\/2023\/11\/arrow-down.png\" class=\"attachment-full size-full wp-image-346\" alt=\"\" \/>\t\t\t\t\t\t\t\t\t\t\t\t\t\t\t<\/div>\n\t\t\t\t<\/div>\n\t\t\t\t<div class=\"elementor-element elementor-element-ba49940 elementor-invisible elementor-widget elementor-widget-heading\" data-id=\"ba49940\" data-element_type=\"widget\" data-e-type=\"widget\" data-settings=\"{&quot;_animation&quot;:&quot;zoomIn&quot;}\" data-widget_type=\"heading.default\">\n\t\t\t\t<div class=\"elementor-widget-container\">\n\t\t\t\t\t<h1 class=\"elementor-heading-title elementor-size-default\">MERCI!<\/h1>\t\t\t\t<\/div>\n\t\t\t\t<\/div>\n\t\t\t\t<div class=\"elementor-element elementor-element-c791b16 elementor-invisible elementor-widget elementor-widget-text-editor\" data-id=\"c791b16\" data-element_type=\"widget\" data-e-type=\"widget\" data-settings=\"{&quot;_animation&quot;:&quot;fadeInUp&quot;}\" data-widget_type=\"text-editor.default\">\n\t\t\t\t<div class=\"elementor-widget-container\">\n\t\t\t\t\t\t\t\t\t<p>Votre rendez-vous \u00e0 notre pavillon des ventes est confirm\u00e9.<br \/>Dans quelques instants, vous recevrez un courriel confirmant ce dernier, avec les indications quant au lieu de rencontre.<\/p>\n\t\t\t\t\t\t\t\t<\/div>\n\t\t\t\t<\/div>\n\t\t\t\t<div class=\"elementor-element elementor-element-f596d86 elementor-align-center elementor-mobile-align-center elementor-invisible elementor-widget elementor-widget-button\" data-id=\"f596d86\" data-element_type=\"widget\" data-e-type=\"widget\" data-settings=\"{&quot;_animation&quot;:&quot;fadeInUp&quot;}\" data-widget_type=\"button.default\">\n\t\t\t\t<div class=\"elementor-widget-container\">\n\t\t\t\t\t\t\t\t\t<div class=\"elementor-button-wrapper\">\n\t\t\t\t\t<a class=\"elementor-button elementor-button-link elementor-size-md elementor-animation-grow\" href=\"https:\/\/lesloges.ca\/en\/\">\n\t\t\t\t\t\t<span class=\"elementor-button-content-wrapper\">\n\t\t\t\t\t\t\t\t\t<span class=\"elementor-button-text\">Retour \u00e0 la page d'accueil<\/span>\n\t\t\t\t\t<\/span>\n\t\t\t\t\t<\/a>\n\t\t\t\t<\/div>\n\t\t\t\t\t\t\t\t<\/div>\n\t\t\t\t<\/div>\n\t\t\t\t\t<\/div>\n\t\t\t\t<\/div>\n\t\t<div class=\"elementor-element elementor-element-b26116c e-con-full e-flex e-con e-parent\" data-id=\"b26116c\" data-element_type=\"container\" data-e-type=\"container\">\n\t\t<div class=\"elementor-element elementor-element-cb7c842 e-con-full e-flex e-con e-child\" data-id=\"cb7c842\" data-element_type=\"container\" data-e-type=\"container\">\n\t\t\t\t<div class=\"elementor-element elementor-element-b73fb79 elementor-invisible elementor-widget elementor-widget-image\" data-id=\"b73fb79\" data-element_type=\"widget\" data-e-type=\"widget\" data-settings=\"{&quot;_animation&quot;:&quot;fadeInUp&quot;}\" data-widget_type=\"image.default\">\n\t\t\t\t<div class=\"elementor-widget-container\">\n\t\t\t\t\t\t\t\t\t\t\t\t\t\t\t<img decoding=\"async\" width=\"100\" height=\"102\" src=\"https:\/\/lesloges.ca\/wp-content\/uploads\/2023\/11\/arrow-down.png\" class=\"attachment-full size-full wp-image-346\" alt=\"\" \/>\t\t\t\t\t\t\t\t\t\t\t\t\t\t\t<\/div>\n\t\t\t\t<\/div>\n\t\t\t\t<div class=\"elementor-element elementor-element-3baf528 elementor-invisible elementor-widget elementor-widget-heading\" data-id=\"3baf528\" data-element_type=\"widget\" data-e-type=\"widget\" data-settings=\"{&quot;_animation&quot;:&quot;fadeInUp&quot;}\" data-widget_type=\"heading.default\">\n\t\t\t\t<div class=\"elementor-widget-container\">\n\t\t\t\t\t<h2 class=\"elementor-heading-title elementor-size-default\">nous joindre<\/h2>\t\t\t\t<\/div>\n\t\t\t\t<\/div>\n\t\t\t\t<div class=\"elementor-element elementor-element-80e20c8 elementor-invisible elementor-widget elementor-widget-heading\" data-id=\"80e20c8\" data-element_type=\"widget\" data-e-type=\"widget\" data-settings=\"{&quot;_animation&quot;:&quot;fadeInUp&quot;}\" data-widget_type=\"heading.default\">\n\t\t\t\t<div class=\"elementor-widget-container\">\n\t\t\t\t\t<h2 class=\"elementor-heading-title elementor-size-default\">Afin de respecter la distanciation sociale et les normes sanitaires en vigueur, un nombre limit\u00e9 de personnes est autoris\u00e9 \u00e0 entrer dans notre <b> pavillon des ventes.  <\/b><\/h2>\t\t\t\t<\/div>\n\t\t\t\t<\/div>\n\t\t\t\t<div class=\"elementor-element elementor-element-0e6e38b elementor-invisible elementor-widget elementor-widget-heading\" data-id=\"0e6e38b\" data-element_type=\"widget\" data-e-type=\"widget\" data-settings=\"{&quot;_animation&quot;:&quot;fadeInUp&quot;}\" data-widget_type=\"heading.default\">\n\t\t\t\t<div class=\"elementor-widget-container\">\n\t\t\t\t\t<h2 class=\"elementor-heading-title elementor-size-default\">Merci de bien <b> r\u00e9server votre visite<\/b> afin de rendre votre exp\u00e9rience <b> agr\u00e9able et s\u00e9curitaire.<\/b><\/h2>\t\t\t\t<\/div>\n\t\t\t\t<\/div>\n\t\t\t\t<div class=\"elementor-element elementor-element-d5e4dab elementor-position-inline-start sclink elementor-view-default elementor-mobile-position-block-start elementor-invisible elementor-widget elementor-widget-icon-box\" data-id=\"d5e4dab\" data-element_type=\"widget\" data-e-type=\"widget\" data-settings=\"{&quot;_animation&quot;:&quot;fadeInUp&quot;}\" data-widget_type=\"icon-box.default\">\n\t\t\t\t<div class=\"elementor-widget-container\">\n\t\t\t\t\t\t\t<div class=\"elementor-icon-box-wrapper\">\n\n\t\t\t\t\t\t<div class=\"elementor-icon-box-icon\">\n\t\t\t\t<span  class=\"elementor-icon\">\n\t\t\t\t<svg aria-hidden=\"true\" class=\"e-font-icon-svg e-fas-map-pin\" viewBox=\"0 0 288 512\" xmlns=\"http:\/\/www.w3.org\/2000\/svg\"><path d=\"M112 316.94v156.69l22.02 33.02c4.75 7.12 15.22 7.12 19.97 0L176 473.63V316.94c-10.39 1.92-21.06 3.06-32 3.06s-21.61-1.14-32-3.06zM144 0C64.47 0 0 64.47 0 144s64.47 144 144 144 144-64.47 144-144S223.53 0 144 0zm0 76c-37.5 0-68 30.5-68 68 0 6.62-5.38 12-12 12s-12-5.38-12-12c0-50.73 41.28-92 92-92 6.62 0 12 5.38 12 12s-5.38 12-12 12z\"><\/path><\/svg>\t\t\t\t<\/span>\n\t\t\t<\/div>\n\t\t\t\n\t\t\t\t\t\t<div class=\"elementor-icon-box-content\">\n\n\t\t\t\t\t\t\t\t\t<h4 class=\"elementor-icon-box-title\">\n\t\t\t\t\t\t<span  >\n\t\t\t\t\t\t\tPavillon des ventes\t\t\t\t\t\t<\/span>\n\t\t\t\t\t<\/h4>\n\t\t\t\t\n\t\t\t\t\t\t\t\t\t<p class=\"elementor-icon-box-description\">\n\t\t\t\t\t\t5201, Rue de Marseille,\r\nMontr\u00e9al, QC\r\nH1N 0E4<br>\r\n<a href=\"tel:+15144752228\">514 475 2228<\/a>\t\t\t\t\t<\/p>\n\t\t\t\t\n\t\t\t<\/div>\n\t\t\t\n\t\t<\/div>\n\t\t\t\t\t\t<\/div>\n\t\t\t\t<\/div>\n\t\t\t\t<div class=\"elementor-element elementor-element-0d4c09c elementor-position-inline-start elementor-view-default elementor-mobile-position-block-start elementor-invisible elementor-widget elementor-widget-icon-box\" data-id=\"0d4c09c\" data-element_type=\"widget\" data-e-type=\"widget\" data-settings=\"{&quot;_animation&quot;:&quot;fadeInUp&quot;}\" data-widget_type=\"icon-box.default\">\n\t\t\t\t<div class=\"elementor-widget-container\">\n\t\t\t\t\t\t\t<div class=\"elementor-icon-box-wrapper\">\n\n\t\t\t\t\t\t<div class=\"elementor-icon-box-icon\">\n\t\t\t\t<span  class=\"elementor-icon\">\n\t\t\t\t<svg aria-hidden=\"true\" class=\"e-font-icon-svg e-fas-map-pin\" viewBox=\"0 0 288 512\" xmlns=\"http:\/\/www.w3.org\/2000\/svg\"><path d=\"M112 316.94v156.69l22.02 33.02c4.75 7.12 15.22 7.12 19.97 0L176 473.63V316.94c-10.39 1.92-21.06 3.06-32 3.06s-21.61-1.14-32-3.06zM144 0C64.47 0 0 64.47 0 144s64.47 144 144 144 144-64.47 144-144S223.53 0 144 0zm0 76c-37.5 0-68 30.5-68 68 0 6.62-5.38 12-12 12s-12-5.38-12-12c0-50.73 41.28-92 92-92 6.62 0 12 5.38 12 12s-5.38 12-12 12z\"><\/path><\/svg>\t\t\t\t<\/span>\n\t\t\t<\/div>\n\t\t\t\n\t\t\t\t\t\t<div class=\"elementor-icon-box-content\">\n\n\t\t\t\t\t\t\t\t\t<h4 class=\"elementor-icon-box-title\">\n\t\t\t\t\t\t<span  >\n\t\t\t\t\t\t\tProjet\t\t\t\t\t\t<\/span>\n\t\t\t\t\t<\/h4>\n\t\t\t\t\n\t\t\t\t\t\t\t\t\t<p class=\"elementor-icon-box-description\">\n\t\t\t\t\t\t3045-3055, boulevard de l'Assomption,\r\nMontreal, QC\r\nH1N 2H1\t\t\t\t\t<\/p>\n\t\t\t\t\n\t\t\t<\/div>\n\t\t\t\n\t\t<\/div>\n\t\t\t\t\t\t<\/div>\n\t\t\t\t<\/div>\n\t\t\t\t<div class=\"elementor-element elementor-element-2e77b9e elementor-invisible elementor-widget elementor-widget-heading\" data-id=\"2e77b9e\" data-element_type=\"widget\" data-e-type=\"widget\" data-settings=\"{&quot;_animation&quot;:&quot;fadeInUp&quot;}\" data-widget_type=\"heading.default\">\n\t\t\t\t<div class=\"elementor-widget-container\">\n\t\t\t\t\t<h2 class=\"elementor-heading-title elementor-size-default\">Nous sommes impatients de vous retrouver \u00e0 notre pavillon des ventes selon l'horaire suivant :<\/h2>\t\t\t\t<\/div>\n\t\t\t\t<\/div>\n\t\t\t\t<div class=\"elementor-element elementor-element-ce7249d elementor-position-inline-start elementor-view-default elementor-mobile-position-block-start elementor-invisible elementor-widget elementor-widget-icon-box\" data-id=\"ce7249d\" data-element_type=\"widget\" data-e-type=\"widget\" data-settings=\"{&quot;_animation&quot;:&quot;fadeInUp&quot;}\" data-widget_type=\"icon-box.default\">\n\t\t\t\t<div class=\"elementor-widget-container\">\n\t\t\t\t\t\t\t<div class=\"elementor-icon-box-wrapper\">\n\n\t\t\t\t\t\t<div class=\"elementor-icon-box-icon\">\n\t\t\t\t<span  class=\"elementor-icon\">\n\t\t\t\t<svg aria-hidden=\"true\" class=\"e-font-icon-svg e-far-calendar-alt\" viewBox=\"0 0 448 512\" xmlns=\"http:\/\/www.w3.org\/2000\/svg\"><path d=\"M148 288h-40c-6.6 0-12-5.4-12-12v-40c0-6.6 5.4-12 12-12h40c6.6 0 12 5.4 12 12v40c0 6.6-5.4 12-12 12zm108-12v-40c0-6.6-5.4-12-12-12h-40c-6.6 0-12 5.4-12 12v40c0 6.6 5.4 12 12 12h40c6.6 0 12-5.4 12-12zm96 0v-40c0-6.6-5.4-12-12-12h-40c-6.6 0-12 5.4-12 12v40c0 6.6 5.4 12 12 12h40c6.6 0 12-5.4 12-12zm-96 96v-40c0-6.6-5.4-12-12-12h-40c-6.6 0-12 5.4-12 12v40c0 6.6 5.4 12 12 12h40c6.6 0 12-5.4 12-12zm-96 0v-40c0-6.6-5.4-12-12-12h-40c-6.6 0-12 5.4-12 12v40c0 6.6 5.4 12 12 12h40c6.6 0 12-5.4 12-12zm192 0v-40c0-6.6-5.4-12-12-12h-40c-6.6 0-12 5.4-12 12v40c0 6.6 5.4 12 12 12h40c6.6 0 12-5.4 12-12zm96-260v352c0 26.5-21.5 48-48 48H48c-26.5 0-48-21.5-48-48V112c0-26.5 21.5-48 48-48h48V12c0-6.6 5.4-12 12-12h40c6.6 0 12 5.4 12 12v52h128V12c0-6.6 5.4-12 12-12h40c6.6 0 12 5.4 12 12v52h48c26.5 0 48 21.5 48 48zm-48 346V160H48v298c0 3.3 2.7 6 6 6h340c3.3 0 6-2.7 6-6z\"><\/path><\/svg>\t\t\t\t<\/span>\n\t\t\t<\/div>\n\t\t\t\n\t\t\t\t\t\t<div class=\"elementor-icon-box-content\">\n\n\t\t\t\t\t\t\t\t\t<h4 class=\"elementor-icon-box-title\">\n\t\t\t\t\t\t<span  >\n\t\t\t\t\t\t\tHoraire\t\t\t\t\t\t<\/span>\n\t\t\t\t\t<\/h4>\n\t\t\t\t\n\t\t\t\t\t\t\t\t\t<p class=\"elementor-icon-box-description\">\n\t\t\t\t\t\tMardi au jeudi: 14h-19h <br>\r\nSamedi au dimanche: 13h-17h\t\t\t\t\t<\/p>\n\t\t\t\t\n\t\t\t<\/div>\n\t\t\t\n\t\t<\/div>\n\t\t\t\t\t\t<\/div>\n\t\t\t\t<\/div>\n\t\t\t\t<div class=\"elementor-element elementor-element-79d3dae elementor-align-left elementor-mobile-align-center elementor-invisible elementor-widget elementor-widget-button\" data-id=\"79d3dae\" data-element_type=\"widget\" data-e-type=\"widget\" data-settings=\"{&quot;_animation&quot;:&quot;fadeInUp&quot;}\" data-widget_type=\"button.default\">\n\t\t\t\t<div class=\"elementor-widget-container\">\n\t\t\t\t\t\t\t\t\t<div class=\"elementor-button-wrapper\">\n\t\t\t\t\t<a class=\"elementor-button elementor-button-link elementor-size-md elementor-animation-grow\" href=\"https:\/\/lesloges.ca\/wp-content\/uploads\/2023\/11\/39252565_VIVE_Support-marketing_Brochure-Media_FR_V2.pdf\" target=\"_blank\">\n\t\t\t\t\t\t<span class=\"elementor-button-content-wrapper\">\n\t\t\t\t\t\t\t\t\t<span class=\"elementor-button-text\">VOIR LA BROCHURE<\/span>\n\t\t\t\t\t<\/span>\n\t\t\t\t\t<\/a>\n\t\t\t\t<\/div>\n\t\t\t\t\t\t\t\t<\/div>\n\t\t\t\t<\/div>\n\t\t\t\t<\/div>\n\t\t<div class=\"elementor-element elementor-element-e420e60 e-con-full e-flex e-con e-child\" data-id=\"e420e60\" data-element_type=\"container\" data-e-type=\"container\">\n\t\t<div class=\"elementor-element elementor-element-4eb2d8c e-flex e-con-boxed e-con e-child\" data-id=\"4eb2d8c\" data-element_type=\"container\" data-e-type=\"container\" data-settings=\"{&quot;background_background&quot;:&quot;classic&quot;}\">\n\t\t\t\t\t<div class=\"e-con-inner\">\n\t\t\t\t<div class=\"elementor-element elementor-element-7ce3f1b elementor-widget elementor-widget-google_maps\" data-id=\"7ce3f1b\" data-element_type=\"widget\" data-e-type=\"widget\" data-widget_type=\"google_maps.default\">\n\t\t\t\t<div class=\"elementor-widget-container\">\n\t\t\t\t\t\t\t<div class=\"elementor-custom-embed\">\n\t\t\t<iframe loading=\"lazy\"\n\t\t\t\t\tsrc=\"https:\/\/maps.google.com\/maps?q=London%20Eye%2C%20Londres%2C%20Royaume-Uni&#038;t=m&#038;z=15&#038;output=embed&#038;iwloc=near\"\n\t\t\t\t\ttitle=\"London Eye, Londres, Royaume-Uni\"\n\t\t\t\t\taria-label=\"London Eye, Londres, Royaume-Uni\"\n\t\t\t><\/iframe>\n\t\t<\/div>\n\t\t\t\t\t\t<\/div>\n\t\t\t\t<\/div>\n\t\t\t\t\t<\/div>\n\t\t\t\t<\/div>\n\t\t\t\t<\/div>\n\t\t\t\t<\/div>\n\t\t\t\t<\/div>\n\t\t","protected":false},"excerpt":{"rendered":"<p>MERCI! Votre rendez-vous \u00e0 notre pavillon des ventes est confirm\u00e9.Dans quelques instants, vous recevrez un courriel confirmant ce dernier, avec les indications quant au lieu de rencontre. Retour \u00e0 la page d&#8217;accueil nous joindre Afin de respecter la distanciation sociale et les normes sanitaires en vigueur, un nombre limit\u00e9 de personnes est autoris\u00e9 \u00e0 entrer [&hellip;]<\/p>\n","protected":false},"author":4,"featured_media":0,"parent":0,"menu_order":0,"comment_status":"closed","ping_status":"closed","template":"","meta":{"inline_featured_image":false,"footnotes":""},"class_list":["post-20829","page","type-page","status-publish","hentry"],"yoast_head":"<!-- This site is optimized with the Yoast SEO plugin v27.5 - https:\/\/yoast.com\/product\/yoast-seo-wordpress\/ -->\n<title>Prendre rendez-vous | Visiter le Pavillon des Ventes | Les Loges<\/title>\n<meta name=\"description\" content=\"Int\u00e9ress\u00e9 par nos condos \u00e0 vendre? R\u00e9servez une visite des Loges d\u00e8s aujourd\u2019hui. Pavillon des ventes: 5201 Rue de Marseille, Montr\u00e9al - 514 475-2228\" \/>\n<meta name=\"robots\" content=\"index, follow, max-snippet:-1, max-image-preview:large, max-video-preview:-1\" \/>\n<link rel=\"canonical\" href=\"https:\/\/lesloges.ca\/en\/merci\/\" \/>\n<meta property=\"og:locale\" content=\"en_US\" \/>\n<meta property=\"og:type\" content=\"article\" \/>\n<meta property=\"og:title\" content=\"Prendre rendez-vous | Visiter le Pavillon des Ventes | Les Loges\" \/>\n<meta property=\"og:description\" content=\"Int\u00e9ress\u00e9 par nos condos \u00e0 vendre? R\u00e9servez une visite des Loges d\u00e8s aujourd\u2019hui. Pavillon des ventes: 5201 Rue de Marseille, Montr\u00e9al - 514 475-2228\" \/>\n<meta property=\"og:url\" content=\"https:\/\/lesloges.ca\/en\/merci\/\" \/>\n<meta property=\"og:site_name\" content=\"Les Loges\" \/>\n<meta property=\"article:modified_time\" content=\"2023-11-08T10:38:59+00:00\" \/>\n<meta property=\"og:image\" content=\"https:\/\/lesloges.ca\/wp-content\/uploads\/2023\/11\/arrow-down.png\" \/>\n<meta name=\"twitter:card\" content=\"summary_large_image\" \/>\n<meta name=\"twitter:label1\" content=\"Est. reading time\" \/>\n\t<meta name=\"twitter:data1\" content=\"1 minute\" \/>\n<script type=\"application\/ld+json\" class=\"yoast-schema-graph\">{\"@context\":\"https:\\\/\\\/schema.org\",\"@graph\":[{\"@type\":\"WebPage\",\"@id\":\"https:\\\/\\\/lesloges.ca\\\/en\\\/merci\\\/\",\"url\":\"https:\\\/\\\/lesloges.ca\\\/en\\\/merci\\\/\",\"name\":\"Prendre rendez-vous | Visiter le Pavillon des Ventes | Les Loges\",\"isPartOf\":{\"@id\":\"https:\\\/\\\/lesloges.ca\\\/en\\\/#website\"},\"primaryImageOfPage\":{\"@id\":\"https:\\\/\\\/lesloges.ca\\\/en\\\/merci\\\/#primaryimage\"},\"image\":{\"@id\":\"https:\\\/\\\/lesloges.ca\\\/en\\\/merci\\\/#primaryimage\"},\"thumbnailUrl\":\"https:\\\/\\\/lesloges.ca\\\/wp-content\\\/uploads\\\/2023\\\/11\\\/arrow-down.png\",\"datePublished\":\"2023-11-04T11:33:11+00:00\",\"dateModified\":\"2023-11-08T10:38:59+00:00\",\"description\":\"Int\u00e9ress\u00e9 par nos condos \u00e0 vendre? R\u00e9servez une visite des Loges d\u00e8s aujourd\u2019hui. Pavillon des ventes: 5201 Rue de Marseille, Montr\u00e9al - 514 475-2228\",\"breadcrumb\":{\"@id\":\"https:\\\/\\\/lesloges.ca\\\/en\\\/merci\\\/#breadcrumb\"},\"inLanguage\":\"en-US\",\"potentialAction\":[{\"@type\":\"ReadAction\",\"target\":[\"https:\\\/\\\/lesloges.ca\\\/en\\\/merci\\\/\"]}]},{\"@type\":\"ImageObject\",\"inLanguage\":\"en-US\",\"@id\":\"https:\\\/\\\/lesloges.ca\\\/en\\\/merci\\\/#primaryimage\",\"url\":\"https:\\\/\\\/lesloges.ca\\\/wp-content\\\/uploads\\\/2023\\\/11\\\/arrow-down.png\",\"contentUrl\":\"https:\\\/\\\/lesloges.ca\\\/wp-content\\\/uploads\\\/2023\\\/11\\\/arrow-down.png\"},{\"@type\":\"BreadcrumbList\",\"@id\":\"https:\\\/\\\/lesloges.ca\\\/en\\\/merci\\\/#breadcrumb\",\"itemListElement\":[{\"@type\":\"ListItem\",\"position\":1,\"name\":\"Home\",\"item\":\"https:\\\/\\\/lesloges.ca\\\/en\\\/\"},{\"@type\":\"ListItem\",\"position\":2,\"name\":\"Merci\"}]},{\"@type\":\"WebSite\",\"@id\":\"https:\\\/\\\/lesloges.ca\\\/en\\\/#website\",\"url\":\"https:\\\/\\\/lesloges.ca\\\/en\\\/\",\"name\":\"Les Loges\",\"description\":\"\",\"publisher\":{\"@id\":\"https:\\\/\\\/lesloges.ca\\\/en\\\/#organization\"},\"potentialAction\":[{\"@type\":\"SearchAction\",\"target\":{\"@type\":\"EntryPoint\",\"urlTemplate\":\"https:\\\/\\\/lesloges.ca\\\/en\\\/?s={search_term_string}\"},\"query-input\":{\"@type\":\"PropertyValueSpecification\",\"valueRequired\":true,\"valueName\":\"search_term_string\"}}],\"inLanguage\":\"en-US\"},{\"@type\":\"Organization\",\"@id\":\"https:\\\/\\\/lesloges.ca\\\/en\\\/#organization\",\"name\":\"Les Loges\",\"url\":\"https:\\\/\\\/lesloges.ca\\\/en\\\/\",\"logo\":{\"@type\":\"ImageObject\",\"inLanguage\":\"en-US\",\"@id\":\"https:\\\/\\\/lesloges.ca\\\/en\\\/#\\\/schema\\\/logo\\\/image\\\/\",\"url\":\"https:\\\/\\\/lesloges.ca\\\/wp-content\\\/uploads\\\/2023\\\/11\\\/logo-horizontal.svg\",\"contentUrl\":\"https:\\\/\\\/lesloges.ca\\\/wp-content\\\/uploads\\\/2023\\\/11\\\/logo-horizontal.svg\",\"width\":808,\"height\":411,\"caption\":\"Les Loges\"},\"image\":{\"@id\":\"https:\\\/\\\/lesloges.ca\\\/en\\\/#\\\/schema\\\/logo\\\/image\\\/\"}}]}<\/script>\n<!-- \/ Yoast SEO plugin. -->","yoast_head_json":{"title":"Prendre rendez-vous | Visiter le Pavillon des Ventes | Les Loges","description":"Int\u00e9ress\u00e9 par nos condos \u00e0 vendre? R\u00e9servez une visite des Loges d\u00e8s aujourd\u2019hui. Pavillon des ventes: 5201 Rue de Marseille, Montr\u00e9al - 514 475-2228","robots":{"index":"index","follow":"follow","max-snippet":"max-snippet:-1","max-image-preview":"max-image-preview:large","max-video-preview":"max-video-preview:-1"},"canonical":"https:\/\/lesloges.ca\/en\/merci\/","og_locale":"en_US","og_type":"article","og_title":"Prendre rendez-vous | Visiter le Pavillon des Ventes | Les Loges","og_description":"Int\u00e9ress\u00e9 par nos condos \u00e0 vendre? R\u00e9servez une visite des Loges d\u00e8s aujourd\u2019hui. Pavillon des ventes: 5201 Rue de Marseille, Montr\u00e9al - 514 475-2228","og_url":"https:\/\/lesloges.ca\/en\/merci\/","og_site_name":"Les Loges","article_modified_time":"2023-11-08T10:38:59+00:00","og_image":[{"url":"https:\/\/lesloges.ca\/wp-content\/uploads\/2023\/11\/arrow-down.png","type":"","width":"","height":""}],"twitter_card":"summary_large_image","twitter_misc":{"Est. reading time":"1 minute"},"schema":{"@context":"https:\/\/schema.org","@graph":[{"@type":"WebPage","@id":"https:\/\/lesloges.ca\/en\/merci\/","url":"https:\/\/lesloges.ca\/en\/merci\/","name":"Prendre rendez-vous | Visiter le Pavillon des Ventes | Les Loges","isPartOf":{"@id":"https:\/\/lesloges.ca\/en\/#website"},"primaryImageOfPage":{"@id":"https:\/\/lesloges.ca\/en\/merci\/#primaryimage"},"image":{"@id":"https:\/\/lesloges.ca\/en\/merci\/#primaryimage"},"thumbnailUrl":"https:\/\/lesloges.ca\/wp-content\/uploads\/2023\/11\/arrow-down.png","datePublished":"2023-11-04T11:33:11+00:00","dateModified":"2023-11-08T10:38:59+00:00","description":"Int\u00e9ress\u00e9 par nos condos \u00e0 vendre? R\u00e9servez une visite des Loges d\u00e8s aujourd\u2019hui. Pavillon des ventes: 5201 Rue de Marseille, Montr\u00e9al - 514 475-2228","breadcrumb":{"@id":"https:\/\/lesloges.ca\/en\/merci\/#breadcrumb"},"inLanguage":"en-US","potentialAction":[{"@type":"ReadAction","target":["https:\/\/lesloges.ca\/en\/merci\/"]}]},{"@type":"ImageObject","inLanguage":"en-US","@id":"https:\/\/lesloges.ca\/en\/merci\/#primaryimage","url":"https:\/\/lesloges.ca\/wp-content\/uploads\/2023\/11\/arrow-down.png","contentUrl":"https:\/\/lesloges.ca\/wp-content\/uploads\/2023\/11\/arrow-down.png"},{"@type":"BreadcrumbList","@id":"https:\/\/lesloges.ca\/en\/merci\/#breadcrumb","itemListElement":[{"@type":"ListItem","position":1,"name":"Home","item":"https:\/\/lesloges.ca\/en\/"},{"@type":"ListItem","position":2,"name":"Merci"}]},{"@type":"WebSite","@id":"https:\/\/lesloges.ca\/en\/#website","url":"https:\/\/lesloges.ca\/en\/","name":"Les Loges","description":"","publisher":{"@id":"https:\/\/lesloges.ca\/en\/#organization"},"potentialAction":[{"@type":"SearchAction","target":{"@type":"EntryPoint","urlTemplate":"https:\/\/lesloges.ca\/en\/?s={search_term_string}"},"query-input":{"@type":"PropertyValueSpecification","valueRequired":true,"valueName":"search_term_string"}}],"inLanguage":"en-US"},{"@type":"Organization","@id":"https:\/\/lesloges.ca\/en\/#organization","name":"Les Loges","url":"https:\/\/lesloges.ca\/en\/","logo":{"@type":"ImageObject","inLanguage":"en-US","@id":"https:\/\/lesloges.ca\/en\/#\/schema\/logo\/image\/","url":"https:\/\/lesloges.ca\/wp-content\/uploads\/2023\/11\/logo-horizontal.svg","contentUrl":"https:\/\/lesloges.ca\/wp-content\/uploads\/2023\/11\/logo-horizontal.svg","width":808,"height":411,"caption":"Les Loges"},"image":{"@id":"https:\/\/lesloges.ca\/en\/#\/schema\/logo\/image\/"}}]}},"_links":{"self":[{"href":"https:\/\/lesloges.ca\/en\/wp-json\/wp\/v2\/pages\/20829","targetHints":{"allow":["GET"]}}],"collection":[{"href":"https:\/\/lesloges.ca\/en\/wp-json\/wp\/v2\/pages"}],"about":[{"href":"https:\/\/lesloges.ca\/en\/wp-json\/wp\/v2\/types\/page"}],"author":[{"embeddable":true,"href":"https:\/\/lesloges.ca\/en\/wp-json\/wp\/v2\/users\/4"}],"replies":[{"embeddable":true,"href":"https:\/\/lesloges.ca\/en\/wp-json\/wp\/v2\/comments?post=20829"}],"version-history":[{"count":1,"href":"https:\/\/lesloges.ca\/en\/wp-json\/wp\/v2\/pages\/20829\/revisions"}],"predecessor-version":[{"id":20830,"href":"https:\/\/lesloges.ca\/en\/wp-json\/wp\/v2\/pages\/20829\/revisions\/20830"}],"wp:attachment":[{"href":"https:\/\/lesloges.ca\/en\/wp-json\/wp\/v2\/media?parent=20829"}],"curies":[{"name":"wp","href":"https:\/\/api.w.org\/{rel}","templated":true}]}}