{"id":20843,"date":"2023-11-04T07:30:08","date_gmt":"2023-11-04T07:30:08","guid":{"rendered":"https:\/\/lesloges.ca\/referencement-1000\/"},"modified":"2023-11-08T11:47:15","modified_gmt":"2023-11-08T11:47:15","slug":"referencement-1000","status":"publish","type":"page","link":"https:\/\/lesloges.ca\/en\/referencement-1000\/","title":{"rendered":"R\u00e9f\u00e9rencement 1000$"},"content":{"rendered":"\t\t<div data-elementor-type=\"wp-page\" data-elementor-id=\"20843\" class=\"elementor elementor-20843 elementor-19815\" data-elementor-post-type=\"page\">\n\t\t\t\t<div class=\"elementor-element elementor-element-bc5940e e-flex e-con-boxed e-con e-parent\" data-id=\"bc5940e\" data-element_type=\"container\" data-settings=\"{&quot;background_background&quot;:&quot;classic&quot;}\">\n\t\t\t\t\t<div class=\"e-con-inner\">\n\t\t\t\t<div class=\"elementor-element elementor-element-b81867e elementor-invisible elementor-widget elementor-widget-heading\" data-id=\"b81867e\" data-element_type=\"widget\" data-settings=\"{&quot;_animation&quot;:&quot;zoomIn&quot;}\" data-widget_type=\"heading.default\">\n\t\t\t\t<div class=\"elementor-widget-container\">\n\t\t\t\t\t<h1 class=\"elementor-heading-title elementor-size-default\">Programme de recommandation<\/h1>\t\t\t\t<\/div>\n\t\t\t\t<\/div>\n\t\t\t\t<div class=\"elementor-element elementor-element-9e42533 elementor-invisible elementor-widget elementor-widget-image\" data-id=\"9e42533\" data-element_type=\"widget\" data-settings=\"{&quot;_animation&quot;:&quot;fadeInUp&quot;}\" data-widget_type=\"image.default\">\n\t\t\t\t<div class=\"elementor-widget-container\">\n\t\t\t\t\t\t\t\t\t\t\t\t\t\t\t<img decoding=\"async\" width=\"100\" height=\"102\" src=\"https:\/\/lesloges.ca\/wp-content\/uploads\/2023\/11\/arrow-down.png\" class=\"attachment-full size-full wp-image-346\" alt=\"\" \/>\t\t\t\t\t\t\t\t\t\t\t\t\t\t\t<\/div>\n\t\t\t\t<\/div>\n\t\t\t\t\t<\/div>\n\t\t\t\t<\/div>\n\t\t<div class=\"elementor-element elementor-element-eb6518c e-con-full e-flex e-con e-parent\" data-id=\"eb6518c\" data-element_type=\"container\">\n\t\t\t\t<div class=\"elementor-element elementor-element-1222bc0 elementor-invisible elementor-widget elementor-widget-heading\" data-id=\"1222bc0\" data-element_type=\"widget\" data-settings=\"{&quot;_animation&quot;:&quot;fadeInUp&quot;}\" data-widget_type=\"heading.default\">\n\t\t\t\t<div class=\"elementor-widget-container\">\n\t\t\t\t\t<h4 class=\"elementor-heading-title elementor-size-default\">CONNAISSEZ-VOUS UNE PERSONNE QUI SERAIT INT\u00c9RESS\u00c9E \u00c0 ACHETER UNE LOGE?  RECOMMANDEZ-NOUS \u00c0 UN NOUVEAU CLIENT ET<\/h4>\t\t\t\t<\/div>\n\t\t\t\t<\/div>\n\t\t\t\t<div class=\"elementor-element elementor-element-d32343e elementor-invisible elementor-widget elementor-widget-heading\" data-id=\"d32343e\" data-element_type=\"widget\" data-settings=\"{&quot;_animation&quot;:&quot;fadeInUp&quot;}\" data-widget_type=\"heading.default\">\n\t\t\t\t<div class=\"elementor-widget-container\">\n\t\t\t\t\t<h2 class=\"elementor-heading-title elementor-size-default\">OBTENEZ UN CH\u00c8QUE 1000 $ LORS DE LEUR SIGNATURE AU NOTAIRE!<\/h2>\t\t\t\t<\/div>\n\t\t\t\t<\/div>\n\t\t\t\t<div class=\"elementor-element elementor-element-e9af7ca elementor-invisible elementor-widget elementor-widget-text-editor\" data-id=\"e9af7ca\" data-element_type=\"widget\" data-settings=\"{&quot;_animation&quot;:&quot;fadeInUp&quot;}\" data-widget_type=\"text-editor.default\">\n\t\t\t\t<div class=\"elementor-widget-container\">\n\t\t\t\t\t\t\t\t\t<p>Pour participer au programme de r\u00e9f\u00e9rencement, remplissez le formulaire ci-dessous!<\/p>\n\t\t\t\t\t\t\t\t<\/div>\n\t\t\t\t<\/div>\n\t\t\t\t<div class=\"elementor-element elementor-element-6abfae4 elementor-widget elementor-widget-html\" data-id=\"6abfae4\" data-element_type=\"widget\" data-widget_type=\"html.default\">\n\t\t\t\t<div class=\"elementor-widget-container\">\n\t\t\t\t\t<iframe loading=\"lazy\" src=\"https:\/\/api.leadconnectorhq.com\/widget\/form\/9MqaGgcmHViBN0nhvRSp\" style=\"border: none; width: 100%; overflow: hidden; opacity: 1; visibility: visible; height: 1029px;\" scrolling=\"no\" id=\"9MqaGgcmHViBN0nhvRSp\" data-rocket-lazyload=\"fitvidscompatible\" data-lazy-src=\"https:\/\/api.leadconnectorhq.com\/widget\/form\/9MqaGgcmHViBN0nhvRSp\" data-ll-status=\"loaded\" class=\"entered lazyloaded\"><\/iframe>\t\t\t\t<\/div>\n\t\t\t\t<\/div>\n\t\t\t\t<\/div>\n\t\t\t\t<\/div>\n\t\t","protected":false},"excerpt":{"rendered":"<p>Programme de recommandation CONNAISSEZ-VOUS UNE PERSONNE QUI SERAIT INT\u00c9RESS\u00c9E \u00c0 ACHETER UNE LOGE? RECOMMANDEZ-NOUS \u00c0 UN NOUVEAU CLIENT ET OBTENEZ UN CH\u00c8QUE 1000 $ LORS DE LEUR SIGNATURE AU NOTAIRE! Pour participer au programme de r\u00e9f\u00e9rencement, remplissez le formulaire ci-dessous!<\/p>\n","protected":false},"author":4,"featured_media":0,"parent":0,"menu_order":0,"comment_status":"closed","ping_status":"closed","template":"","meta":{"inline_featured_image":false,"footnotes":""},"class_list":["post-20843","page","type-page","status-publish","hentry"],"yoast_head":"<!-- This site is optimized with the Yoast SEO plugin v25.4 - https:\/\/yoast.com\/wordpress\/plugins\/seo\/ -->\n<title>R\u00e9f\u00e9rencement 1000$ - Les Loges<\/title>\n<meta name=\"description\" content=\"Afin de vous remercier de la confiance que vous accordez \u00e0 ce projet d\u2019envergure sign\u00e9 Vivenda, nous vous invitons le 27 mai 2022.\" \/>\n<meta name=\"robots\" content=\"noindex, follow, max-snippet:-1, max-image-preview:large, max-video-preview:-1\" \/>\n<meta property=\"og:locale\" content=\"en_US\" \/>\n<meta property=\"og:type\" content=\"article\" \/>\n<meta property=\"og:title\" content=\"R\u00e9f\u00e9rencement 1000$ - Les Loges\" \/>\n<meta property=\"og:description\" content=\"Afin de vous remercier de la confiance que vous accordez \u00e0 ce projet d\u2019envergure sign\u00e9 Vivenda, nous vous invitons le 27 mai 2022.\" \/>\n<meta property=\"og:url\" content=\"https:\/\/lesloges.ca\/en\/referencement-1000\/\" \/>\n<meta property=\"og:site_name\" content=\"Les Loges\" \/>\n<meta property=\"article:modified_time\" content=\"2023-11-08T11:47:15+00:00\" \/>\n<meta property=\"og:image\" content=\"https:\/\/lesloges.ca\/wp-content\/uploads\/2023\/11\/arrow-down.png\" \/>\n<meta name=\"twitter:card\" content=\"summary_large_image\" \/>\n<script type=\"application\/ld+json\" class=\"yoast-schema-graph\">{\"@context\":\"https:\/\/schema.org\",\"@graph\":[{\"@type\":\"WebPage\",\"@id\":\"https:\/\/lesloges.ca\/en\/referencement-1000\/\",\"url\":\"https:\/\/lesloges.ca\/en\/referencement-1000\/\",\"name\":\"R\u00e9f\u00e9rencement 1000$ - Les Loges\",\"isPartOf\":{\"@id\":\"https:\/\/lesloges.ca\/en\/#website\"},\"primaryImageOfPage\":{\"@id\":\"https:\/\/lesloges.ca\/en\/referencement-1000\/#primaryimage\"},\"image\":{\"@id\":\"https:\/\/lesloges.ca\/en\/referencement-1000\/#primaryimage\"},\"thumbnailUrl\":\"https:\/\/lesloges.ca\/wp-content\/uploads\/2023\/11\/arrow-down.png\",\"datePublished\":\"2023-11-04T07:30:08+00:00\",\"dateModified\":\"2023-11-08T11:47:15+00:00\",\"description\":\"Afin de vous remercier de la confiance que vous accordez \u00e0 ce projet d\u2019envergure sign\u00e9 Vivenda, nous vous invitons le 27 mai 2022.\",\"breadcrumb\":{\"@id\":\"https:\/\/lesloges.ca\/en\/referencement-1000\/#breadcrumb\"},\"inLanguage\":\"en-US\",\"potentialAction\":[{\"@type\":\"ReadAction\",\"target\":[\"https:\/\/lesloges.ca\/en\/referencement-1000\/\"]}]},{\"@type\":\"ImageObject\",\"inLanguage\":\"en-US\",\"@id\":\"https:\/\/lesloges.ca\/en\/referencement-1000\/#primaryimage\",\"url\":\"https:\/\/lesloges.ca\/wp-content\/uploads\/2023\/11\/arrow-down.png\",\"contentUrl\":\"https:\/\/lesloges.ca\/wp-content\/uploads\/2023\/11\/arrow-down.png\"},{\"@type\":\"BreadcrumbList\",\"@id\":\"https:\/\/lesloges.ca\/en\/referencement-1000\/#breadcrumb\",\"itemListElement\":[{\"@type\":\"ListItem\",\"position\":1,\"name\":\"Home\",\"item\":\"https:\/\/lesloges.ca\/en\/\"},{\"@type\":\"ListItem\",\"position\":2,\"name\":\"R\u00e9f\u00e9rencement 1000$\"}]},{\"@type\":\"WebSite\",\"@id\":\"https:\/\/lesloges.ca\/en\/#website\",\"url\":\"https:\/\/lesloges.ca\/en\/\",\"name\":\"Les Loges\",\"description\":\"\",\"publisher\":{\"@id\":\"https:\/\/lesloges.ca\/en\/#organization\"},\"potentialAction\":[{\"@type\":\"SearchAction\",\"target\":{\"@type\":\"EntryPoint\",\"urlTemplate\":\"https:\/\/lesloges.ca\/en\/?s={search_term_string}\"},\"query-input\":{\"@type\":\"PropertyValueSpecification\",\"valueRequired\":true,\"valueName\":\"search_term_string\"}}],\"inLanguage\":\"en-US\"},{\"@type\":\"Organization\",\"@id\":\"https:\/\/lesloges.ca\/en\/#organization\",\"name\":\"Les Loges\",\"url\":\"https:\/\/lesloges.ca\/en\/\",\"logo\":{\"@type\":\"ImageObject\",\"inLanguage\":\"en-US\",\"@id\":\"https:\/\/lesloges.ca\/en\/#\/schema\/logo\/image\/\",\"url\":\"https:\/\/lesloges.ca\/wp-content\/uploads\/2023\/11\/logo-horizontal.svg\",\"contentUrl\":\"https:\/\/lesloges.ca\/wp-content\/uploads\/2023\/11\/logo-horizontal.svg\",\"width\":808,\"height\":411,\"caption\":\"Les Loges\"},\"image\":{\"@id\":\"https:\/\/lesloges.ca\/en\/#\/schema\/logo\/image\/\"}}]}<\/script>\n<!-- \/ Yoast SEO plugin. -->","yoast_head_json":{"title":"R\u00e9f\u00e9rencement 1000$ - Les Loges","description":"Afin de vous remercier de la confiance que vous accordez \u00e0 ce projet d\u2019envergure sign\u00e9 Vivenda, nous vous invitons le 27 mai 2022.","robots":{"index":"noindex","follow":"follow","max-snippet":"max-snippet:-1","max-image-preview":"max-image-preview:large","max-video-preview":"max-video-preview:-1"},"og_locale":"en_US","og_type":"article","og_title":"R\u00e9f\u00e9rencement 1000$ - Les Loges","og_description":"Afin de vous remercier de la confiance que vous accordez \u00e0 ce projet d\u2019envergure sign\u00e9 Vivenda, nous vous invitons le 27 mai 2022.","og_url":"https:\/\/lesloges.ca\/en\/referencement-1000\/","og_site_name":"Les Loges","article_modified_time":"2023-11-08T11:47:15+00:00","og_image":[{"url":"https:\/\/lesloges.ca\/wp-content\/uploads\/2023\/11\/arrow-down.png","type":"","width":"","height":""}],"twitter_card":"summary_large_image","schema":{"@context":"https:\/\/schema.org","@graph":[{"@type":"WebPage","@id":"https:\/\/lesloges.ca\/en\/referencement-1000\/","url":"https:\/\/lesloges.ca\/en\/referencement-1000\/","name":"R\u00e9f\u00e9rencement 1000$ - Les Loges","isPartOf":{"@id":"https:\/\/lesloges.ca\/en\/#website"},"primaryImageOfPage":{"@id":"https:\/\/lesloges.ca\/en\/referencement-1000\/#primaryimage"},"image":{"@id":"https:\/\/lesloges.ca\/en\/referencement-1000\/#primaryimage"},"thumbnailUrl":"https:\/\/lesloges.ca\/wp-content\/uploads\/2023\/11\/arrow-down.png","datePublished":"2023-11-04T07:30:08+00:00","dateModified":"2023-11-08T11:47:15+00:00","description":"Afin de vous remercier de la confiance que vous accordez \u00e0 ce projet d\u2019envergure sign\u00e9 Vivenda, nous vous invitons le 27 mai 2022.","breadcrumb":{"@id":"https:\/\/lesloges.ca\/en\/referencement-1000\/#breadcrumb"},"inLanguage":"en-US","potentialAction":[{"@type":"ReadAction","target":["https:\/\/lesloges.ca\/en\/referencement-1000\/"]}]},{"@type":"ImageObject","inLanguage":"en-US","@id":"https:\/\/lesloges.ca\/en\/referencement-1000\/#primaryimage","url":"https:\/\/lesloges.ca\/wp-content\/uploads\/2023\/11\/arrow-down.png","contentUrl":"https:\/\/lesloges.ca\/wp-content\/uploads\/2023\/11\/arrow-down.png"},{"@type":"BreadcrumbList","@id":"https:\/\/lesloges.ca\/en\/referencement-1000\/#breadcrumb","itemListElement":[{"@type":"ListItem","position":1,"name":"Home","item":"https:\/\/lesloges.ca\/en\/"},{"@type":"ListItem","position":2,"name":"R\u00e9f\u00e9rencement 1000$"}]},{"@type":"WebSite","@id":"https:\/\/lesloges.ca\/en\/#website","url":"https:\/\/lesloges.ca\/en\/","name":"Les Loges","description":"","publisher":{"@id":"https:\/\/lesloges.ca\/en\/#organization"},"potentialAction":[{"@type":"SearchAction","target":{"@type":"EntryPoint","urlTemplate":"https:\/\/lesloges.ca\/en\/?s={search_term_string}"},"query-input":{"@type":"PropertyValueSpecification","valueRequired":true,"valueName":"search_term_string"}}],"inLanguage":"en-US"},{"@type":"Organization","@id":"https:\/\/lesloges.ca\/en\/#organization","name":"Les Loges","url":"https:\/\/lesloges.ca\/en\/","logo":{"@type":"ImageObject","inLanguage":"en-US","@id":"https:\/\/lesloges.ca\/en\/#\/schema\/logo\/image\/","url":"https:\/\/lesloges.ca\/wp-content\/uploads\/2023\/11\/logo-horizontal.svg","contentUrl":"https:\/\/lesloges.ca\/wp-content\/uploads\/2023\/11\/logo-horizontal.svg","width":808,"height":411,"caption":"Les Loges"},"image":{"@id":"https:\/\/lesloges.ca\/en\/#\/schema\/logo\/image\/"}}]}},"_links":{"self":[{"href":"https:\/\/lesloges.ca\/en\/wp-json\/wp\/v2\/pages\/20843","targetHints":{"allow":["GET"]}}],"collection":[{"href":"https:\/\/lesloges.ca\/en\/wp-json\/wp\/v2\/pages"}],"about":[{"href":"https:\/\/lesloges.ca\/en\/wp-json\/wp\/v2\/types\/page"}],"author":[{"embeddable":true,"href":"https:\/\/lesloges.ca\/en\/wp-json\/wp\/v2\/users\/4"}],"replies":[{"embeddable":true,"href":"https:\/\/lesloges.ca\/en\/wp-json\/wp\/v2\/comments?post=20843"}],"version-history":[{"count":1,"href":"https:\/\/lesloges.ca\/en\/wp-json\/wp\/v2\/pages\/20843\/revisions"}],"predecessor-version":[{"id":20844,"href":"https:\/\/lesloges.ca\/en\/wp-json\/wp\/v2\/pages\/20843\/revisions\/20844"}],"wp:attachment":[{"href":"https:\/\/lesloges.ca\/en\/wp-json\/wp\/v2\/media?parent=20843"}],"curies":[{"name":"wp","href":"https:\/\/api.w.org\/{rel}","templated":true}]}}