{"id":20847,"date":"2023-11-03T18:54:08","date_gmt":"2023-11-03T18:54:08","guid":{"rendered":"https:\/\/lesloges.ca\/unites-disponibles\/"},"modified":"2023-12-14T19:42:23","modified_gmt":"2023-12-14T19:42:23","slug":"unites-disponibles","status":"publish","type":"page","link":"https:\/\/lesloges.ca\/en\/unites-disponibles\/","title":{"rendered":"Unit\u00e9s disponibles"},"content":{"rendered":"\t\t<div data-elementor-type=\"wp-page\" data-elementor-id=\"20847\" class=\"elementor elementor-20847 elementor-19423\" data-elementor-post-type=\"page\">\n\t\t\t\t<div class=\"elementor-element elementor-element-1fa55c4 e-flex e-con-boxed e-con e-parent\" data-id=\"1fa55c4\" data-element_type=\"container\" data-e-type=\"container\" data-settings=\"{&quot;background_background&quot;:&quot;classic&quot;}\">\n\t\t\t\t\t<div class=\"e-con-inner\">\n\t\t\t\t<div class=\"elementor-element elementor-element-e0b27f4 elementor-invisible elementor-widget elementor-widget-heading\" data-id=\"e0b27f4\" data-element_type=\"widget\" data-e-type=\"widget\" data-settings=\"{&quot;_animation&quot;:&quot;zoomIn&quot;}\" data-widget_type=\"heading.default\">\n\t\t\t\t<div class=\"elementor-widget-container\">\n\t\t\t\t\t<h1 class=\"elementor-heading-title elementor-size-default\">Floor plans<\/h1>\t\t\t\t<\/div>\n\t\t\t\t<\/div>\n\t\t\t\t<div class=\"elementor-element elementor-element-de5ea24 elementor-invisible elementor-widget elementor-widget-heading\" data-id=\"de5ea24\" data-element_type=\"widget\" data-e-type=\"widget\" data-settings=\"{&quot;_animation&quot;:&quot;zoomIn&quot;}\" data-widget_type=\"heading.default\">\n\t\t\t\t<div class=\"elementor-widget-container\">\n\t\t\t\t\t<h3 class=\"elementor-heading-title elementor-size-default\">Find a condo unit that meets your needs<\/h3>\t\t\t\t<\/div>\n\t\t\t\t<\/div>\n\t\t\t\t<div class=\"elementor-element elementor-element-f7a3019 elementor-invisible elementor-widget elementor-widget-image\" data-id=\"f7a3019\" data-element_type=\"widget\" data-e-type=\"widget\" data-settings=\"{&quot;_animation&quot;:&quot;fadeInUp&quot;}\" data-widget_type=\"image.default\">\n\t\t\t\t<div class=\"elementor-widget-container\">\n\t\t\t\t\t\t\t\t\t\t\t\t\t\t\t<img decoding=\"async\" width=\"100\" height=\"102\" src=\"https:\/\/lesloges.ca\/wp-content\/uploads\/2023\/11\/arrow-down.png\" class=\"attachment-full size-full wp-image-346\" alt=\"\" \/>\t\t\t\t\t\t\t\t\t\t\t\t\t\t\t<\/div>\n\t\t\t\t<\/div>\n\t\t\t\t<div class=\"elementor-element elementor-element-4b58eec elementor-invisible elementor-widget elementor-widget-text-editor\" data-id=\"4b58eec\" data-element_type=\"widget\" data-e-type=\"widget\" data-settings=\"{&quot;_animation&quot;:&quot;fadeInUp&quot;}\" data-widget_type=\"text-editor.default\">\n\t\t\t\t<div class=\"elementor-widget-container\">\n\t\t\t\t\t\t\t\t\t<p>Find your home<\/p>\n\t\t\t\t\t\t\t\t<\/div>\n\t\t\t\t<\/div>\n\t\t\t\t\t<\/div>\n\t\t\t\t<\/div>\n\t\t<div class=\"elementor-element elementor-element-4a2118c e-con-full e-flex e-con e-parent\" data-id=\"4a2118c\" data-element_type=\"container\" data-e-type=\"container\" data-settings=\"{&quot;background_background&quot;:&quot;classic&quot;}\">\n\t\t\t\t<div class=\"elementor-element elementor-element-776b6dc elementor-invisible elementor-widget elementor-widget-heading\" data-id=\"776b6dc\" data-element_type=\"widget\" data-e-type=\"widget\" data-settings=\"{&quot;_animation&quot;:&quot;fadeInUp&quot;}\" data-widget_type=\"heading.default\">\n\t\t\t\t<div class=\"elementor-widget-container\">\n\t\t\t\t\t<h2 class=\"elementor-heading-title elementor-size-default\">A VISIONARY ARCHITECTURE<\/h2>\t\t\t\t<\/div>\n\t\t\t\t<\/div>\n\t\t\t\t<div class=\"elementor-element elementor-element-e1b543f elementor-invisible elementor-widget elementor-widget-text-editor\" data-id=\"e1b543f\" data-element_type=\"widget\" data-e-type=\"widget\" data-settings=\"{&quot;_animation&quot;:&quot;fadeInUp&quot;}\" data-widget_type=\"text-editor.default\">\n\t\t\t\t<div class=\"elementor-widget-container\">\n\t\t\t\t\t\t\t\t\tLes Loges pushes the boundaries and sets new standards. Discover the bold, well-thought-out architecture, where every square foot has a purpose and contributes to your well-being!\t\t\t\t\t\t\t\t<\/div>\n\t\t\t\t<\/div>\n\t\t\t\t<div class=\"elementor-element elementor-element-9f1f8bd elementor-widget elementor-widget-text-editor\" data-id=\"9f1f8bd\" data-element_type=\"widget\" data-e-type=\"widget\" data-widget_type=\"text-editor.default\">\n\t\t\t\t<div class=\"elementor-widget-container\">\n\t\t\t\t\t\t\t\t\t<p>CLICK ON THE LEVELS IN THE IMAGE MAP BELOW<\/p>\n\t\t\t\t\t\t\t\t<\/div>\n\t\t\t\t<\/div>\n\t\t\t\t<div class=\"elementor-element elementor-element-8a70c7b elementor-widget elementor-widget-text-editor\" data-id=\"8a70c7b\" data-element_type=\"widget\" data-e-type=\"widget\" data-widget_type=\"text-editor.default\">\n\t\t\t\t<div class=\"elementor-widget-container\">\n\t\t\t\t\t\t\t\t\tOR USE THE DROP-DOWN MENU TO NAVIGATE BETWEEN FLOOR PLANS!\t\t\t\t\t\t\t\t<\/div>\n\t\t\t\t<\/div>\n\t\t<div class=\"elementor-element elementor-element-e20f3ce e-flex e-con-boxed e-con e-child\" data-id=\"e20f3ce\" data-element_type=\"container\" data-e-type=\"container\">\n\t\t\t\t\t<div class=\"e-con-inner\">\n\t\t\t\t<div class=\"elementor-element elementor-element-c338625 elementor-widget elementor-widget-shortcode\" data-id=\"c338625\" data-element_type=\"widget\" data-e-type=\"widget\" data-widget_type=\"shortcode.default\">\n\t\t\t\t<div class=\"elementor-widget-container\">\n\t\t\t\t\t\t\t<div class=\"elementor-shortcode\"><div id=\"image-map-pro-2585\"><\/div><\/div>\n\t\t\t\t\t\t<\/div>\n\t\t\t\t<\/div>\n\t\t\t\t\t<\/div>\n\t\t\t\t<\/div>\n\t\t<div class=\"elementor-element elementor-element-0a61f75 e-con-full e-flex e-con e-child\" data-id=\"0a61f75\" data-element_type=\"container\" data-e-type=\"container\">\n\t\t\t\t<div class=\"elementor-element elementor-element-04419fd elementor-invisible elementor-widget elementor-widget-heading\" data-id=\"04419fd\" data-element_type=\"widget\" data-e-type=\"widget\" data-settings=\"{&quot;_animation&quot;:&quot;fadeInUp&quot;}\" data-widget_type=\"heading.default\">\n\t\t\t\t<div class=\"elementor-widget-container\">\n\t\t\t\t\t<h6 class=\"elementor-heading-title elementor-size-default\">* For illustration purposes only.<\/h6>\t\t\t\t<\/div>\n\t\t\t\t<\/div>\n\t\t\t\t<div class=\"elementor-element elementor-element-1225a91 elementor-invisible elementor-widget elementor-widget-image\" data-id=\"1225a91\" data-element_type=\"widget\" data-e-type=\"widget\" data-settings=\"{&quot;_animation&quot;:&quot;fadeInUp&quot;}\" data-widget_type=\"image.default\">\n\t\t\t\t<div class=\"elementor-widget-container\">\n\t\t\t\t\t\t\t\t\t\t\t\t\t\t\t<img decoding=\"async\" width=\"100\" height=\"102\" src=\"https:\/\/lesloges.ca\/wp-content\/uploads\/2023\/11\/arrow-down.png\" class=\"attachment-full size-full wp-image-346\" alt=\"\" \/>\t\t\t\t\t\t\t\t\t\t\t\t\t\t\t<\/div>\n\t\t\t\t<\/div>\n\t\t\t\t<div class=\"elementor-element elementor-element-d234aec elementor-invisible elementor-widget elementor-widget-heading\" data-id=\"d234aec\" data-element_type=\"widget\" data-e-type=\"widget\" data-settings=\"{&quot;_animation&quot;:&quot;fadeInUp&quot;}\" data-widget_type=\"heading.default\">\n\t\t\t\t<div class=\"elementor-widget-container\">\n\t\t\t\t\t<h2 class=\"elementor-heading-title elementor-size-default\">FIND A CONDO AND SEE THE PLANS<\/h2>\t\t\t\t<\/div>\n\t\t\t\t<\/div>\n\t\t<div class=\"elementor-element elementor-element-70d6bd4 e-con-full e-flex e-con e-child\" data-id=\"70d6bd4\" data-element_type=\"container\" data-e-type=\"container\">\n\t\t<div class=\"elementor-element elementor-element-92d79bc e-flex e-con-boxed elementor-invisible e-con e-child\" data-id=\"92d79bc\" data-element_type=\"container\" data-e-type=\"container\" data-settings=\"{&quot;background_background&quot;:&quot;classic&quot;,&quot;animation&quot;:&quot;fadeInUp&quot;}\">\n\t\t\t\t\t<div class=\"e-con-inner\">\n\t\t\t\t<div class=\"elementor-element elementor-element-cb85284 elementor-widget elementor-widget-image\" data-id=\"cb85284\" data-element_type=\"widget\" data-e-type=\"widget\" data-widget_type=\"image.default\">\n\t\t\t\t<div class=\"elementor-widget-container\">\n\t\t\t\t\t\t\t\t\t\t\t\t\t\t\t<img fetchpriority=\"high\" decoding=\"async\" width=\"1000\" height=\"1008\" src=\"https:\/\/lesloges.ca\/wp-content\/uploads\/2023\/11\/i-1.png\" class=\"attachment-full size-full wp-image-479\" alt=\"\" srcset=\"https:\/\/lesloges.ca\/wp-content\/uploads\/2023\/11\/i-1.png 1000w, https:\/\/lesloges.ca\/wp-content\/uploads\/2023\/11\/i-1-298x300.png 298w, https:\/\/lesloges.ca\/wp-content\/uploads\/2023\/11\/i-1-150x150.png 150w, https:\/\/lesloges.ca\/wp-content\/uploads\/2023\/11\/i-1-768x774.png 768w\" sizes=\"(max-width: 1000px) 100vw, 1000px\" \/>\t\t\t\t\t\t\t\t\t\t\t\t\t\t\t<\/div>\n\t\t\t\t<\/div>\n\t\t\t\t<div class=\"elementor-element elementor-element-debca4c elementor-widget elementor-widget-heading\" data-id=\"debca4c\" data-element_type=\"widget\" data-e-type=\"widget\" data-widget_type=\"heading.default\">\n\t\t\t\t<div class=\"elementor-widget-container\">\n\t\t\t\t\t<h3 class=\"elementor-heading-title elementor-size-default\">STUDIO<\/h3>\t\t\t\t<\/div>\n\t\t\t\t<\/div>\n\t\t\t\t<div class=\"elementor-element elementor-element-6a691ec elementor-widget elementor-widget-heading\" data-id=\"6a691ec\" data-element_type=\"widget\" data-e-type=\"widget\" data-widget_type=\"heading.default\">\n\t\t\t\t<div class=\"elementor-widget-container\">\n\t\t\t\t\t<h3 class=\"elementor-heading-title elementor-size-default\">STARTING AT $254 521 + TAX<\/h3>\t\t\t\t<\/div>\n\t\t\t\t<\/div>\n\t\t\t\t\t<\/div>\n\t\t\t\t<\/div>\n\t\t<div class=\"elementor-element elementor-element-e06846d e-flex e-con-boxed elementor-invisible e-con e-child\" data-id=\"e06846d\" data-element_type=\"container\" data-e-type=\"container\" data-settings=\"{&quot;background_background&quot;:&quot;classic&quot;,&quot;animation&quot;:&quot;fadeInUp&quot;}\">\n\t\t\t\t\t<div class=\"e-con-inner\">\n\t\t\t\t<div class=\"elementor-element elementor-element-5426d02 elementor-widget elementor-widget-image\" data-id=\"5426d02\" data-element_type=\"widget\" data-e-type=\"widget\" data-widget_type=\"image.default\">\n\t\t\t\t<div class=\"elementor-widget-container\">\n\t\t\t\t\t\t\t\t\t\t\t\t\t\t\t<img decoding=\"async\" width=\"1000\" height=\"764\" src=\"https:\/\/lesloges.ca\/wp-content\/uploads\/2023\/11\/i-2.png\" class=\"attachment-full size-full wp-image-481\" alt=\"\" srcset=\"https:\/\/lesloges.ca\/wp-content\/uploads\/2023\/11\/i-2.png 1000w, https:\/\/lesloges.ca\/wp-content\/uploads\/2023\/11\/i-2-300x229.png 300w, https:\/\/lesloges.ca\/wp-content\/uploads\/2023\/11\/i-2-768x587.png 768w\" sizes=\"(max-width: 1000px) 100vw, 1000px\" \/>\t\t\t\t\t\t\t\t\t\t\t\t\t\t\t<\/div>\n\t\t\t\t<\/div>\n\t\t\t\t<div class=\"elementor-element elementor-element-1b9c655 elementor-widget elementor-widget-heading\" data-id=\"1b9c655\" data-element_type=\"widget\" data-e-type=\"widget\" data-widget_type=\"heading.default\">\n\t\t\t\t<div class=\"elementor-widget-container\">\n\t\t\t\t\t<h3 class=\"elementor-heading-title elementor-size-default\">3 1\/2<\/h3>\t\t\t\t<\/div>\n\t\t\t\t<\/div>\n\t\t\t\t<div class=\"elementor-element elementor-element-a115b5d elementor-widget elementor-widget-heading\" data-id=\"a115b5d\" data-element_type=\"widget\" data-e-type=\"widget\" data-widget_type=\"heading.default\">\n\t\t\t\t<div class=\"elementor-widget-container\">\n\t\t\t\t\t<h3 class=\"elementor-heading-title elementor-size-default\">STARTING AT $265 639 + TAX<\/h3>\t\t\t\t<\/div>\n\t\t\t\t<\/div>\n\t\t\t\t\t<\/div>\n\t\t\t\t<\/div>\n\t\t<div class=\"elementor-element elementor-element-7e91953 e-flex e-con-boxed elementor-invisible e-con e-child\" data-id=\"7e91953\" data-element_type=\"container\" data-e-type=\"container\" data-settings=\"{&quot;background_background&quot;:&quot;classic&quot;,&quot;animation&quot;:&quot;fadeInUp&quot;}\">\n\t\t\t\t\t<div class=\"e-con-inner\">\n\t\t\t\t<div class=\"elementor-element elementor-element-27e3874 elementor-widget elementor-widget-image\" data-id=\"27e3874\" data-element_type=\"widget\" data-e-type=\"widget\" data-widget_type=\"image.default\">\n\t\t\t\t<div class=\"elementor-widget-container\">\n\t\t\t\t\t\t\t\t\t\t\t\t\t\t\t<img loading=\"lazy\" decoding=\"async\" width=\"1000\" height=\"764\" src=\"https:\/\/lesloges.ca\/wp-content\/uploads\/2023\/11\/i-3.png\" class=\"attachment-full size-full wp-image-483\" alt=\"\" srcset=\"https:\/\/lesloges.ca\/wp-content\/uploads\/2023\/11\/i-3.png 1000w, https:\/\/lesloges.ca\/wp-content\/uploads\/2023\/11\/i-3-300x229.png 300w, https:\/\/lesloges.ca\/wp-content\/uploads\/2023\/11\/i-3-768x587.png 768w\" sizes=\"(max-width: 1000px) 100vw, 1000px\" \/>\t\t\t\t\t\t\t\t\t\t\t\t\t\t\t<\/div>\n\t\t\t\t<\/div>\n\t\t\t\t<div class=\"elementor-element elementor-element-82ea0bb elementor-widget elementor-widget-heading\" data-id=\"82ea0bb\" data-element_type=\"widget\" data-e-type=\"widget\" data-widget_type=\"heading.default\">\n\t\t\t\t<div class=\"elementor-widget-container\">\n\t\t\t\t\t<h3 class=\"elementor-heading-title elementor-size-default\">4 1\/2<\/h3>\t\t\t\t<\/div>\n\t\t\t\t<\/div>\n\t\t\t\t<div class=\"elementor-element elementor-element-8c24105 elementor-widget elementor-widget-heading\" data-id=\"8c24105\" data-element_type=\"widget\" data-e-type=\"widget\" data-widget_type=\"heading.default\">\n\t\t\t\t<div class=\"elementor-widget-container\">\n\t\t\t\t\t<h3 class=\"elementor-heading-title elementor-size-default\">STARTING AT $407 000 + TAX<\/h3>\t\t\t\t<\/div>\n\t\t\t\t<\/div>\n\t\t\t\t\t<\/div>\n\t\t\t\t<\/div>\n\t\t<div class=\"elementor-element elementor-element-59ccddd e-flex e-con-boxed elementor-invisible e-con e-child\" data-id=\"59ccddd\" data-element_type=\"container\" data-e-type=\"container\" data-settings=\"{&quot;background_background&quot;:&quot;classic&quot;,&quot;animation&quot;:&quot;fadeInUp&quot;}\">\n\t\t\t\t\t<div class=\"e-con-inner\">\n\t\t\t\t<div class=\"elementor-element elementor-element-ea763de elementor-widget elementor-widget-image\" data-id=\"ea763de\" data-element_type=\"widget\" data-e-type=\"widget\" data-widget_type=\"image.default\">\n\t\t\t\t<div class=\"elementor-widget-container\">\n\t\t\t\t\t\t\t\t\t\t\t\t\t\t\t<img loading=\"lazy\" decoding=\"async\" width=\"1000\" height=\"764\" src=\"https:\/\/lesloges.ca\/wp-content\/uploads\/2023\/11\/i-4.png\" class=\"attachment-full size-full wp-image-485\" alt=\"\" srcset=\"https:\/\/lesloges.ca\/wp-content\/uploads\/2023\/11\/i-4.png 1000w, https:\/\/lesloges.ca\/wp-content\/uploads\/2023\/11\/i-4-300x229.png 300w, https:\/\/lesloges.ca\/wp-content\/uploads\/2023\/11\/i-4-768x587.png 768w\" sizes=\"(max-width: 1000px) 100vw, 1000px\" \/>\t\t\t\t\t\t\t\t\t\t\t\t\t\t\t<\/div>\n\t\t\t\t<\/div>\n\t\t\t\t<div class=\"elementor-element elementor-element-561e97c elementor-widget elementor-widget-heading\" data-id=\"561e97c\" data-element_type=\"widget\" data-e-type=\"widget\" data-widget_type=\"heading.default\">\n\t\t\t\t<div class=\"elementor-widget-container\">\n\t\t\t\t\t<h3 class=\"elementor-heading-title elementor-size-default\">5 1\/2<\/h3>\t\t\t\t<\/div>\n\t\t\t\t<\/div>\n\t\t\t\t<div class=\"elementor-element elementor-element-4674adf elementor-widget elementor-widget-heading\" data-id=\"4674adf\" data-element_type=\"widget\" data-e-type=\"widget\" data-widget_type=\"heading.default\">\n\t\t\t\t<div class=\"elementor-widget-container\">\n\t\t\t\t\t<h3 class=\"elementor-heading-title elementor-size-default\">STARTING AT $529 670 + TAX<\/h3>\t\t\t\t<\/div>\n\t\t\t\t<\/div>\n\t\t\t\t\t<\/div>\n\t\t\t\t<\/div>\n\t\t\t\t<\/div>\n\t\t\t\t<\/div>\n\t\t\t\t<\/div>\n\t\t<div class=\"elementor-element elementor-element-0013827 e-flex e-con-boxed e-con e-parent\" data-id=\"0013827\" data-element_type=\"container\" data-e-type=\"container\" data-settings=\"{&quot;background_background&quot;:&quot;classic&quot;}\">\n\t\t\t\t\t<div class=\"e-con-inner\">\n\t\t<div class=\"elementor-element elementor-element-c885c59 e-flex e-con-boxed e-con e-child\" data-id=\"c885c59\" data-element_type=\"container\" data-e-type=\"container\" data-settings=\"{&quot;background_background&quot;:&quot;classic&quot;}\">\n\t\t\t\t\t<div class=\"e-con-inner\">\n\t\t\t\t<div class=\"elementor-element elementor-element-7bfb3d5 elementor-invisible elementor-widget elementor-widget-heading\" data-id=\"7bfb3d5\" data-element_type=\"widget\" data-e-type=\"widget\" data-settings=\"{&quot;_animation&quot;:&quot;fadeInUp&quot;}\" data-widget_type=\"heading.default\">\n\t\t\t\t<div class=\"elementor-widget-container\">\n\t\t\t\t\t<h3 class=\"elementor-heading-title elementor-size-default\">BOOK AN APPOINTMENT\u200b<\/h3>\t\t\t\t<\/div>\n\t\t\t\t<\/div>\n\t\t\t\t<div class=\"elementor-element elementor-element-d497e18 elementor-invisible elementor-widget elementor-widget-text-editor\" data-id=\"d497e18\" data-element_type=\"widget\" data-e-type=\"widget\" data-settings=\"{&quot;_animation&quot;:&quot;fadeInUp&quot;}\" data-widget_type=\"text-editor.default\">\n\t\t\t\t<div class=\"elementor-widget-container\">\n\t\t\t\t\t\t\t\t\t<p>Take advantage of our launch prices today!<\/p>\t\t\t\t\t\t\t\t<\/div>\n\t\t\t\t<\/div>\n\t\t\t\t\t<\/div>\n\t\t\t\t<\/div>\n\t\t\t\t\t<\/div>\n\t\t\t\t<\/div>\n\t\t\t\t<\/div>\n\t\t","protected":false},"excerpt":{"rendered":"<p>Floor plans Find a condo unit that meets your needs Find your home A VISIONARY ARCHITECTURE Les Loges pushes the boundaries and sets new standards. Discover the bold, well-thought-out architecture, where every square foot has a purpose and contributes to your well-being! CLICK ON THE LEVELS IN THE IMAGE MAP BELOW OR USE THE DROP-DOWN [&hellip;]<\/p>\n","protected":false},"author":4,"featured_media":0,"parent":0,"menu_order":0,"comment_status":"closed","ping_status":"closed","template":"","meta":{"inline_featured_image":false,"footnotes":""},"class_list":["post-20847","page","type-page","status-publish","hentry"],"yoast_head":"<!-- This site is optimized with the Yoast SEO plugin v27.5 - https:\/\/yoast.com\/product\/yoast-seo-wordpress\/ -->\n<title>Trouver un Condo qui R\u00e9pond \u00e0 vos Besoins | Plans | Les Loges<\/title>\n<meta name=\"description\" content=\"Trouvez votre loge! Visualisez nos unit\u00e9s en vente en naviguant les plans d&#039;\u00e9tages pour trouver un appartement \u00e0 vendre qui r\u00e9pond \u00e0 vos crit\u00e8res.\" \/>\n<meta name=\"robots\" content=\"index, follow, max-snippet:-1, max-image-preview:large, max-video-preview:-1\" \/>\n<link rel=\"canonical\" href=\"https:\/\/lesloges.ca\/en\/unites-disponibles\/\" \/>\n<meta property=\"og:locale\" content=\"en_US\" \/>\n<meta property=\"og:type\" content=\"article\" \/>\n<meta property=\"og:title\" content=\"Trouver un Condo qui R\u00e9pond \u00e0 vos Besoins | Plans | Les Loges\" \/>\n<meta property=\"og:description\" content=\"Trouvez votre loge! Visualisez nos unit\u00e9s en vente en naviguant les plans d&#039;\u00e9tages pour trouver un appartement \u00e0 vendre qui r\u00e9pond \u00e0 vos crit\u00e8res.\" \/>\n<meta property=\"og:url\" content=\"https:\/\/lesloges.ca\/en\/unites-disponibles\/\" \/>\n<meta property=\"og:site_name\" content=\"Les Loges\" \/>\n<meta property=\"article:modified_time\" content=\"2023-12-14T19:42:23+00:00\" \/>\n<meta property=\"og:image\" content=\"https:\/\/lesloges.ca\/wp-content\/uploads\/2023\/11\/arrow-down.png\" \/>\n<meta name=\"twitter:card\" content=\"summary_large_image\" \/>\n<meta name=\"twitter:label1\" content=\"Est. reading time\" \/>\n\t<meta name=\"twitter:data1\" content=\"2 minutes\" \/>\n<script type=\"application\/ld+json\" class=\"yoast-schema-graph\">{\"@context\":\"https:\\\/\\\/schema.org\",\"@graph\":[{\"@type\":\"WebPage\",\"@id\":\"https:\\\/\\\/lesloges.ca\\\/en\\\/unites-disponibles\\\/\",\"url\":\"https:\\\/\\\/lesloges.ca\\\/en\\\/unites-disponibles\\\/\",\"name\":\"Trouver un Condo qui R\u00e9pond \u00e0 vos Besoins | Plans | Les Loges\",\"isPartOf\":{\"@id\":\"https:\\\/\\\/lesloges.ca\\\/en\\\/#website\"},\"primaryImageOfPage\":{\"@id\":\"https:\\\/\\\/lesloges.ca\\\/en\\\/unites-disponibles\\\/#primaryimage\"},\"image\":{\"@id\":\"https:\\\/\\\/lesloges.ca\\\/en\\\/unites-disponibles\\\/#primaryimage\"},\"thumbnailUrl\":\"https:\\\/\\\/lesloges.ca\\\/wp-content\\\/uploads\\\/2023\\\/11\\\/arrow-down.png\",\"datePublished\":\"2023-11-03T18:54:08+00:00\",\"dateModified\":\"2023-12-14T19:42:23+00:00\",\"description\":\"Trouvez votre loge! Visualisez nos unit\u00e9s en vente en naviguant les plans d'\u00e9tages pour trouver un appartement \u00e0 vendre qui r\u00e9pond \u00e0 vos crit\u00e8res.\",\"breadcrumb\":{\"@id\":\"https:\\\/\\\/lesloges.ca\\\/en\\\/unites-disponibles\\\/#breadcrumb\"},\"inLanguage\":\"en-US\",\"potentialAction\":[{\"@type\":\"ReadAction\",\"target\":[\"https:\\\/\\\/lesloges.ca\\\/en\\\/unites-disponibles\\\/\"]}]},{\"@type\":\"ImageObject\",\"inLanguage\":\"en-US\",\"@id\":\"https:\\\/\\\/lesloges.ca\\\/en\\\/unites-disponibles\\\/#primaryimage\",\"url\":\"https:\\\/\\\/lesloges.ca\\\/wp-content\\\/uploads\\\/2023\\\/11\\\/arrow-down.png\",\"contentUrl\":\"https:\\\/\\\/lesloges.ca\\\/wp-content\\\/uploads\\\/2023\\\/11\\\/arrow-down.png\"},{\"@type\":\"BreadcrumbList\",\"@id\":\"https:\\\/\\\/lesloges.ca\\\/en\\\/unites-disponibles\\\/#breadcrumb\",\"itemListElement\":[{\"@type\":\"ListItem\",\"position\":1,\"name\":\"Home\",\"item\":\"https:\\\/\\\/lesloges.ca\\\/en\\\/\"},{\"@type\":\"ListItem\",\"position\":2,\"name\":\"Unit\u00e9s disponibles\"}]},{\"@type\":\"WebSite\",\"@id\":\"https:\\\/\\\/lesloges.ca\\\/en\\\/#website\",\"url\":\"https:\\\/\\\/lesloges.ca\\\/en\\\/\",\"name\":\"Les Loges\",\"description\":\"\",\"publisher\":{\"@id\":\"https:\\\/\\\/lesloges.ca\\\/en\\\/#organization\"},\"potentialAction\":[{\"@type\":\"SearchAction\",\"target\":{\"@type\":\"EntryPoint\",\"urlTemplate\":\"https:\\\/\\\/lesloges.ca\\\/en\\\/?s={search_term_string}\"},\"query-input\":{\"@type\":\"PropertyValueSpecification\",\"valueRequired\":true,\"valueName\":\"search_term_string\"}}],\"inLanguage\":\"en-US\"},{\"@type\":\"Organization\",\"@id\":\"https:\\\/\\\/lesloges.ca\\\/en\\\/#organization\",\"name\":\"Les Loges\",\"url\":\"https:\\\/\\\/lesloges.ca\\\/en\\\/\",\"logo\":{\"@type\":\"ImageObject\",\"inLanguage\":\"en-US\",\"@id\":\"https:\\\/\\\/lesloges.ca\\\/en\\\/#\\\/schema\\\/logo\\\/image\\\/\",\"url\":\"https:\\\/\\\/lesloges.ca\\\/wp-content\\\/uploads\\\/2023\\\/11\\\/logo-horizontal.svg\",\"contentUrl\":\"https:\\\/\\\/lesloges.ca\\\/wp-content\\\/uploads\\\/2023\\\/11\\\/logo-horizontal.svg\",\"width\":808,\"height\":411,\"caption\":\"Les Loges\"},\"image\":{\"@id\":\"https:\\\/\\\/lesloges.ca\\\/en\\\/#\\\/schema\\\/logo\\\/image\\\/\"}}]}<\/script>\n<!-- \/ Yoast SEO plugin. -->","yoast_head_json":{"title":"Trouver un Condo qui R\u00e9pond \u00e0 vos Besoins | Plans | Les Loges","description":"Trouvez votre loge! Visualisez nos unit\u00e9s en vente en naviguant les plans d'\u00e9tages pour trouver un appartement \u00e0 vendre qui r\u00e9pond \u00e0 vos crit\u00e8res.","robots":{"index":"index","follow":"follow","max-snippet":"max-snippet:-1","max-image-preview":"max-image-preview:large","max-video-preview":"max-video-preview:-1"},"canonical":"https:\/\/lesloges.ca\/en\/unites-disponibles\/","og_locale":"en_US","og_type":"article","og_title":"Trouver un Condo qui R\u00e9pond \u00e0 vos Besoins | Plans | Les Loges","og_description":"Trouvez votre loge! Visualisez nos unit\u00e9s en vente en naviguant les plans d'\u00e9tages pour trouver un appartement \u00e0 vendre qui r\u00e9pond \u00e0 vos crit\u00e8res.","og_url":"https:\/\/lesloges.ca\/en\/unites-disponibles\/","og_site_name":"Les Loges","article_modified_time":"2023-12-14T19:42:23+00:00","og_image":[{"url":"https:\/\/lesloges.ca\/wp-content\/uploads\/2023\/11\/arrow-down.png","type":"","width":"","height":""}],"twitter_card":"summary_large_image","twitter_misc":{"Est. reading time":"2 minutes"},"schema":{"@context":"https:\/\/schema.org","@graph":[{"@type":"WebPage","@id":"https:\/\/lesloges.ca\/en\/unites-disponibles\/","url":"https:\/\/lesloges.ca\/en\/unites-disponibles\/","name":"Trouver un Condo qui R\u00e9pond \u00e0 vos Besoins | Plans | Les Loges","isPartOf":{"@id":"https:\/\/lesloges.ca\/en\/#website"},"primaryImageOfPage":{"@id":"https:\/\/lesloges.ca\/en\/unites-disponibles\/#primaryimage"},"image":{"@id":"https:\/\/lesloges.ca\/en\/unites-disponibles\/#primaryimage"},"thumbnailUrl":"https:\/\/lesloges.ca\/wp-content\/uploads\/2023\/11\/arrow-down.png","datePublished":"2023-11-03T18:54:08+00:00","dateModified":"2023-12-14T19:42:23+00:00","description":"Trouvez votre loge! Visualisez nos unit\u00e9s en vente en naviguant les plans d'\u00e9tages pour trouver un appartement \u00e0 vendre qui r\u00e9pond \u00e0 vos crit\u00e8res.","breadcrumb":{"@id":"https:\/\/lesloges.ca\/en\/unites-disponibles\/#breadcrumb"},"inLanguage":"en-US","potentialAction":[{"@type":"ReadAction","target":["https:\/\/lesloges.ca\/en\/unites-disponibles\/"]}]},{"@type":"ImageObject","inLanguage":"en-US","@id":"https:\/\/lesloges.ca\/en\/unites-disponibles\/#primaryimage","url":"https:\/\/lesloges.ca\/wp-content\/uploads\/2023\/11\/arrow-down.png","contentUrl":"https:\/\/lesloges.ca\/wp-content\/uploads\/2023\/11\/arrow-down.png"},{"@type":"BreadcrumbList","@id":"https:\/\/lesloges.ca\/en\/unites-disponibles\/#breadcrumb","itemListElement":[{"@type":"ListItem","position":1,"name":"Home","item":"https:\/\/lesloges.ca\/en\/"},{"@type":"ListItem","position":2,"name":"Unit\u00e9s disponibles"}]},{"@type":"WebSite","@id":"https:\/\/lesloges.ca\/en\/#website","url":"https:\/\/lesloges.ca\/en\/","name":"Les Loges","description":"","publisher":{"@id":"https:\/\/lesloges.ca\/en\/#organization"},"potentialAction":[{"@type":"SearchAction","target":{"@type":"EntryPoint","urlTemplate":"https:\/\/lesloges.ca\/en\/?s={search_term_string}"},"query-input":{"@type":"PropertyValueSpecification","valueRequired":true,"valueName":"search_term_string"}}],"inLanguage":"en-US"},{"@type":"Organization","@id":"https:\/\/lesloges.ca\/en\/#organization","name":"Les Loges","url":"https:\/\/lesloges.ca\/en\/","logo":{"@type":"ImageObject","inLanguage":"en-US","@id":"https:\/\/lesloges.ca\/en\/#\/schema\/logo\/image\/","url":"https:\/\/lesloges.ca\/wp-content\/uploads\/2023\/11\/logo-horizontal.svg","contentUrl":"https:\/\/lesloges.ca\/wp-content\/uploads\/2023\/11\/logo-horizontal.svg","width":808,"height":411,"caption":"Les Loges"},"image":{"@id":"https:\/\/lesloges.ca\/en\/#\/schema\/logo\/image\/"}}]}},"_links":{"self":[{"href":"https:\/\/lesloges.ca\/en\/wp-json\/wp\/v2\/pages\/20847","targetHints":{"allow":["GET"]}}],"collection":[{"href":"https:\/\/lesloges.ca\/en\/wp-json\/wp\/v2\/pages"}],"about":[{"href":"https:\/\/lesloges.ca\/en\/wp-json\/wp\/v2\/types\/page"}],"author":[{"embeddable":true,"href":"https:\/\/lesloges.ca\/en\/wp-json\/wp\/v2\/users\/4"}],"replies":[{"embeddable":true,"href":"https:\/\/lesloges.ca\/en\/wp-json\/wp\/v2\/comments?post=20847"}],"version-history":[{"count":4,"href":"https:\/\/lesloges.ca\/en\/wp-json\/wp\/v2\/pages\/20847\/revisions"}],"predecessor-version":[{"id":20960,"href":"https:\/\/lesloges.ca\/en\/wp-json\/wp\/v2\/pages\/20847\/revisions\/20960"}],"wp:attachment":[{"href":"https:\/\/lesloges.ca\/en\/wp-json\/wp\/v2\/media?parent=20847"}],"curies":[{"name":"wp","href":"https:\/\/api.w.org\/{rel}","templated":true}]}}